{"id":3048,"date":"2024-02-19T17:45:31","date_gmt":"2024-02-19T16:45:31","guid":{"rendered":"http:\/\/steinbachtal-burkarder-gs.de\/?page_id=3048"},"modified":"2026-03-06T13:00:11","modified_gmt":"2026-03-06T12:00:11","slug":"offene-ganztagsschule","status":"publish","type":"page","link":"https:\/\/steinbachtal-burkarder-gs.de\/?page_id=3048","title":{"rendered":"Offene Ganztagsschule"},"content":{"rendered":"<p><span style=\"font-family: arial, helvetica, sans-serif; font-size: 14px;\"><strong>Liebe Eltern,<\/strong><\/span><\/p>\n<p><span style=\"font-family: arial, helvetica, sans-serif; font-size: 14px;\">wir freuen uns sehr, dass Sie sich f\u00fcr das Angebot der Offenen Ganztagsschule (OGTS) an unserer Schule interessieren und m\u00f6chten Ihnen in aller K\u00fcrze unsere \u00a0<strong>OGTS Steinbachtal-Burkarder-Grundschule<\/strong> vorstellen.<\/span><\/p>\n<p><span style=\"font-family: arial, helvetica, sans-serif; font-size: 14px;\"><strong>Hier findet die Betreuung statt:<\/strong><\/span><\/p>\n<p><span style=\"font-family: arial, helvetica, sans-serif; font-size: 14px;\">Im Schulgeb\u00e4ude Steinbachtal stehen uns f\u00fcnf Gruppenr\u00e4ume, im Schulgeb\u00e4ude Burkard zwei Gruppenr\u00e4ume zur Verf\u00fcgung, die wir als Spiel- und Besch\u00e4ftigungsr\u00e4ume f\u00fcr Ihre Kinder eingerichtet haben. In unseren R\u00e4umen gibt es die M\u00f6glichkeit zu basteln, zu bauen, zu spielen, zu lesen, zu singen, sich zu unterhalten, zu feiern und zu essen. Zus\u00e4tzlich stehen uns der Pausenhof, die Turnhalle und separate Essensr\u00e4ume bzw. eine Mensa f\u00fcr die \u201eWarme Schulverpflegung\u201c zur Verf\u00fcgung.<\/span><\/p>\n<p><span style=\"font-family: arial, helvetica, sans-serif; font-size: 14px;\"><strong>\u00d6ffnungszeiten:<\/strong><\/span><\/p>\n<p><span style=\"font-family: arial, helvetica, sans-serif; font-size: 14px;\">Wir betreuen Ihre Kinder Montag bis Donnerstag nach Unterrichtsschluss bis 14:00 Uhr oder 16:00 Uhr. Zus\u00e4tzlich bieten wir bei Bedarf die Betreuung freitags bis l\u00e4ngstens 16:00 Uhr an.<\/span><\/p>\n<p><span style=\"font-family: arial, helvetica, sans-serif; font-size: 14px;\">Unsere Buchungsm\u00f6glichkeiten<\/span><\/p>\n<p><span style=\"font-family: arial, helvetica, sans-serif; font-size: 14px;\">OGTS kurz = min 2 Tage bis 14.00 Uhr<\/span><\/p>\n<p><span style=\"font-family: arial, helvetica, sans-serif; font-size: 14px;\">OGTS lang = min 2 Tage bis 16.00 Uhr<\/span><\/p>\n<p><span style=\"font-family: arial, helvetica, sans-serif; font-size: 14px;\">Kombimodell = 2 Tage lang, 2 Tage kurz ist m\u00f6glich<\/span><br \/>\n<span style=\"font-family: arial, helvetica, sans-serif; font-size: 14px;\">Die gew\u00e4hlten Tage m\u00fcssen von Montag bis Donnerstag gebucht werden, das Freitagsangebot ist ein Zusatzangebot und kann separat gebucht werden.<\/span><\/p>\n<p><span style=\"font-family: arial, helvetica, sans-serif; font-size: 14px;\"><strong>Unsere Teamleitungen:<\/strong><\/span><\/p>\n<p><span style=\"font-family: arial, helvetica, sans-serif; font-size: 14px;\">Claudia Twardzik, Teamleitung Steinbachtal<\/span><\/p>\n<p><span style=\"font-family: arial, helvetica, sans-serif; font-size: 14px;\">Dale Bergner, Teamleitung Burkard<\/span><\/p>\n<p><span style=\"font-family: arial, helvetica, sans-serif; font-size: 14px;\">Gerne sind wir in der <strong>OGTS Steinbachtal<\/strong><\/span><\/p>\n<p><span style=\"font-family: arial, helvetica, sans-serif; font-size: 14px;\">unter der Mail <a href=\"mailto:claudia.twardzik@ealev.de\"><em>claudia.twardzik@ealev.de<\/em><\/a><\/span><em><span style=\"font-family: arial, helvetica, sans-serif; font-size: 14px;\">\u00a0 oder telefonisch unter der Nummer 0157-54953325,<\/span><br \/>\n<\/em><\/p>\n<p><span style=\"font-family: arial, helvetica, sans-serif; font-size: 14px;\"><em>in der <strong>OGTS Burkard<\/strong> unter der Mail <\/em><a href=\"mailto:dale.bergner@ealev.de\"><em>dale.bergner@ealev.de<\/em><\/a> oder <\/span><span style=\"font-family: arial, helvetica, sans-serif; font-size: 14px;\">telefonisch unter der Nummer 0157-576 133 29<\/span><\/p>\n<p><span style=\"font-family: arial, helvetica, sans-serif; font-size: 14px;\">f\u00fcr Ihre Anregungen, W\u00fcnsche, Fragen usw. da.<\/span><\/p>\n<p><span style=\"font-family: arial, helvetica, sans-serif;\">Dringende Informationen schreiben Sie uns bitte bis 10:45 Uhr \u00fcber Schoolfox. Danach sind wir f\u00fcr dringende Angelegenheiten unter der Handynummer erreichbar.<\/span><\/p>\n<p><span style=\"font-size: 14px;\"><strong><span style=\"font-family: arial, helvetica, sans-serif;\">Ein Tag in unserer OGTS<\/span> <\/strong><\/span><\/p>\n<p><a href=\"https:\/\/steinbachtal-burkarder-gs.de\/wp-content\/uploads\/2024\/11\/Collage-Grupperaeume-Stb-002-scaled.jpg\"><img loading=\"lazy\" decoding=\"async\" class=\"alignnone size-medium wp-image-3316\" src=\"https:\/\/steinbachtal-burkarder-gs.de\/wp-content\/uploads\/2024\/11\/Collage-Grupperaeume-Stb-002-300x300.jpg\" alt=\"\" width=\"300\" height=\"300\" srcset=\"https:\/\/steinbachtal-burkarder-gs.de\/wp-content\/uploads\/2024\/11\/Collage-Grupperaeume-Stb-002-300x300.jpg 300w, https:\/\/steinbachtal-burkarder-gs.de\/wp-content\/uploads\/2024\/11\/Collage-Grupperaeume-Stb-002-1024x1024.jpg 1024w, https:\/\/steinbachtal-burkarder-gs.de\/wp-content\/uploads\/2024\/11\/Collage-Grupperaeume-Stb-002-150x150.jpg 150w, https:\/\/steinbachtal-burkarder-gs.de\/wp-content\/uploads\/2024\/11\/Collage-Grupperaeume-Stb-002-768x768.jpg 768w, https:\/\/steinbachtal-burkarder-gs.de\/wp-content\/uploads\/2024\/11\/Collage-Grupperaeume-Stb-002-1536x1536.jpg 1536w, https:\/\/steinbachtal-burkarder-gs.de\/wp-content\/uploads\/2024\/11\/Collage-Grupperaeume-Stb-002-2048x2048.jpg 2048w, https:\/\/steinbachtal-burkarder-gs.de\/wp-content\/uploads\/2024\/11\/Collage-Grupperaeume-Stb-002-750x750.jpg 750w\" sizes=\"(max-width: 300px) 100vw, 300px\" \/><\/a>\u00a0 <a href=\"https:\/\/steinbachtal-burkarder-gs.de\/wp-content\/uploads\/2024\/11\/Gruppenraeume-Burkard-002-scaled.jpg\"><img loading=\"lazy\" decoding=\"async\" class=\"alignnone size-medium wp-image-3317\" src=\"https:\/\/steinbachtal-burkarder-gs.de\/wp-content\/uploads\/2024\/11\/Gruppenraeume-Burkard-002-300x300.jpg\" alt=\"\" width=\"300\" height=\"300\" srcset=\"https:\/\/steinbachtal-burkarder-gs.de\/wp-content\/uploads\/2024\/11\/Gruppenraeume-Burkard-002-300x300.jpg 300w, https:\/\/steinbachtal-burkarder-gs.de\/wp-content\/uploads\/2024\/11\/Gruppenraeume-Burkard-002-1024x1024.jpg 1024w, https:\/\/steinbachtal-burkarder-gs.de\/wp-content\/uploads\/2024\/11\/Gruppenraeume-Burkard-002-150x150.jpg 150w, https:\/\/steinbachtal-burkarder-gs.de\/wp-content\/uploads\/2024\/11\/Gruppenraeume-Burkard-002-768x768.jpg 768w, https:\/\/steinbachtal-burkarder-gs.de\/wp-content\/uploads\/2024\/11\/Gruppenraeume-Burkard-002-1536x1536.jpg 1536w, https:\/\/steinbachtal-burkarder-gs.de\/wp-content\/uploads\/2024\/11\/Gruppenraeume-Burkard-002-2048x2048.jpg 2048w, https:\/\/steinbachtal-burkarder-gs.de\/wp-content\/uploads\/2024\/11\/Gruppenraeume-Burkard-002-750x750.jpg 750w\" sizes=\"(max-width: 300px) 100vw, 300px\" \/><\/a><\/p>\n<p><span style=\"font-family: arial, helvetica, sans-serif; font-size: 14px;\"><strong>Nach Unterrichtsschluss<\/strong> kommen die Sch\u00fclerinnen und Sch\u00fcler in die <em>OGTS<\/em>. Dort begr\u00fc\u00dfen wir sie und nehmen sie in Empfang. Nun haben die Kinder Zeit aus den vielen Besch\u00e4ftigungsm\u00f6glichkeiten zu w\u00e4hlen, bis die<strong> Essenszeit<\/strong> beginnt oder Projekte angeboten werden.<\/span><\/p>\n<p><span style=\"font-family: arial, helvetica, sans-serif; font-size: 14px;\">Sie k\u00f6nnen f\u00fcr Ihr Kind entweder eine warme Mahlzeit bestellen oder eine Brotzeit mitgeben. Wasser stellen wir f\u00fcr die Sch\u00fclerinnen und Sch\u00fcler zum Trinken bereit. Die Mahlzeiten nehmen wir im Gruppenraum (Kalte Schulverpflegung) oder im Speisesaal bzw. Mensa (Warme Schulverpflegung) ein.<\/span><\/p>\n<p><span style=\"font-family: arial, helvetica, sans-serif; font-size: 14px;\">An die Essenszeit schlie\u00dft sich eine <strong>Aktivpause<\/strong> an, in der wir bei gutem Wetter in der Regel mit den Kindern auf den Pausenhof gehen. Springseile, B\u00e4lle, \u2026\u2026 fangen spielen, hier sind wir mit den Sch\u00fclerinnen und Sch\u00fclern aktiv.<\/span><\/p>\n<p><span style=\"font-family: arial, helvetica, sans-serif; font-size: 14px;\">Um 14 Uhr gehen manche Sch\u00fclerinnen und Sch\u00fcler nach Hause, alle anderen bereiten sich auf die <strong>Lernzeit<\/strong> vor.<\/span><\/p>\n<p><span style=\"font-family: arial, helvetica, sans-serif; font-size: 14px;\">Die Lernzeit umfasst je nach Alter 30 bis 60 Minuten und findet in Kleingruppen in den Klassenzimmern statt. In dieser Zeit unterst\u00fctzen wir Ihre Kinder bei der Erledigung ihrer schriftlichen, m\u00fcndlichen und zus\u00e4tzlichen schulischen Aufgaben. Wir nutzen das Hausaufgabenheft Ihres Kindes, um Ihnen Nachrichten zukommen zu lassen oder noch zu erledigende Hausaufgaben zu notieren.<\/span><\/p>\n<p><span style=\"font-family: arial, helvetica, sans-serif; font-size: 14px;\">An die Lernzeit schlie\u00dft sich ab 15 Uhr die<strong> Freizeit<\/strong>. Hier haben wir uns, auch zusammen mit den Sch\u00fclerinnen und Sch\u00fclern, tolle Angebote \u00fcberlegt, die den Nachmittag bei uns zu einem erlebnisreichen Tag werden lassen: Wir kochen und backen, werden kreativ und sportlich, erkunden die Umgebung und spielen miteinander.<\/span><\/p>\n<p><span style=\"font-family: arial, helvetica, sans-serif; font-size: 14px;\">Um <strong>16 Uhr<\/strong> verabschieden wir Ihr Kind und w\u00fcnschen ihm einen guten Nachhauseweg.<\/span><\/p>\n<p><strong>F\u00fcr eine <span style=\"color: #ff0000;\">Anmeldung f\u00fcr das Schuljahr 2026\/2027<\/span> ben\u00f6tigen wir die vollst\u00e4ndig<\/strong> <strong>ausgef\u00fcllten Formulare <\/strong><strong>Nr. 2, 4 und 5 sowie gegebenenfalls Nr. 3 und Nr. 6 (Nr. 6 nur f\u00fcr die Jahrgangsstufen 2-4)<\/strong><\/p>\n<p><a href=\"https:\/\/steinbachtal-burkarder-gs.de\/wp-content\/uploads\/2026\/03\/1.-Elternbrief_OGTS_Steinbachtal-Burkarder-GS_2026_27.pdf\">1. Elternbrief_OGTS_Steinbachtal-Burkarder-GS_2026_27<\/a><\/p>\n<p><a href=\"https:\/\/steinbachtal-burkarder-gs.de\/wp-content\/uploads\/2026\/03\/2.-Anmeldung_OGTS_Steinbachtal-Burkarder-GS_2026_27_neu.pdf\">2. Anmeldung_OGTS_Steinbachtal-Burkarder-GS_2026_27_neu<\/a><\/p>\n<p><a href=\"https:\/\/steinbachtal-burkarder-gs.de\/wp-content\/uploads\/2026\/03\/3.-Anmeldung-Schulverpflegung_OGTS-Steinbachtal-Burakrder-GS-2026_27.pdf\">3. Anmeldung Schulverpflegung_OGTS Steinbachtal-Burakrder-GS 2026_27<\/a><\/p>\n<p><a href=\"https:\/\/steinbachtal-burkarder-gs.de\/wp-content\/uploads\/2026\/03\/4.-Schuelerbogen_OGTS_Steinbachtal-Burkarder-GS_2026_27.pdf\">4. Sch\u00fclerbogen_OGTS_Steinbachtal-Burkarder-GS_2026_27<\/a><\/p>\n<p><a href=\"https:\/\/steinbachtal-burkarder-gs.de\/wp-content\/uploads\/2026\/03\/5.-Schweigepflichtentbindung_OGTS_Steinbachtal-Burkarder-GS_2026_27.pdf\">5. Schweigepflichtentbindung_OGTS_Steinbachtal-Burkarder-GS_2026_27<\/a><\/p>\n<p><a href=\"https:\/\/steinbachtal-burkarder-gs.de\/wp-content\/uploads\/2026\/03\/6.-Anmeldung-Zusatzangebot_OGTS_Steinbachtal-Burkarder-GS_2026_27.pdf\">6. Anmeldung Zusatzangebot_OGTS_Steinbachtal-Burkarder-GS_2026_27<\/a><\/p>\n<p><a href=\"https:\/\/steinbachtal-burkarder-gs.de\/wp-content\/uploads\/2026\/03\/7.-Buchungsmoeglichkeiten-auf-einen-Blick.pdf\">7. Buchungsm\u00f6glichkeiten auf einen Blick<\/a><\/p>\n<p><span style=\"font-family: arial, helvetica, sans-serif; font-size: 14px;\"><strong>F\u00fcr eine Anmeldung f\u00fcr das Schuljahr 2025\/2026 ben\u00f6tigen wir folgende vollst\u00e4ndig ausgef\u00fcllte Formulare:<\/strong><\/span><\/p>\n<p><a href=\"https:\/\/steinbachtal-burkarder-gs.de\/wp-content\/uploads\/2025\/03\/1.-Elternbrief_OGTS_Steinbachtal-Burkarder-GS_2025_26.pdf\">1. Elternbrief_OGTS_Steinbachtal-Burkarder-GS_2025_26<\/a><\/p>\n<p><a href=\"https:\/\/steinbachtal-burkarder-gs.de\/wp-content\/uploads\/2025\/03\/2.-Leistungsbeschreibung_OGTS_Steinbachtal-Burkarder-GS_2025_26-1.pdf\">2. Leistungsbeschreibung_OGTS_Steinbachtal-Burkarder-GS_2025_26<\/a><\/p>\n<p><a href=\"https:\/\/steinbachtal-burkarder-gs.de\/wp-content\/uploads\/2025\/03\/3.-Anmeldung_OGTS_Steinbachtal-Burkarder-GS_2025_26.pdf\">3. Anmeldung_OGTS_Steinbachtal-Burkarder-GS_2025_26<\/a><\/p>\n<p><a href=\"https:\/\/steinbachtal-burkarder-gs.de\/wp-content\/uploads\/2025\/03\/6.-Schuelerbogen_OGTS_Steinbachtal-Burkarder-GS_2025_26.pdf\">6. Sch\u00fclerbogen_OGTS_Steinbachtal-Burkarder-GS_2025_26<\/a><\/p>\n<p><a href=\"https:\/\/steinbachtal-burkarder-gs.de\/wp-content\/uploads\/2025\/03\/7.-Schweigepflichtentbindung_OGTS_Steinbachtal-Burkarder-GS_2025_26.pdf\">7. Schweigepflichtentbindung_OGTS_Steinbachtal-Burkarder-GS_2025_26<\/a><\/p>\n<p><span style=\"font-family: arial, helvetica, sans-serif; font-size: 14px;\">Optional bei Bedarf folgende Formulare:<\/span><\/p>\n<p><a href=\"https:\/\/steinbachtal-burkarder-gs.de\/wp-content\/uploads\/2025\/03\/4.-Anmeldung-Zusatzangebot_OGTS_Steinbachtal-Burkarder-GS_2025_26.pdf\">4. Anmeldung Zusatzangebot_OGTS_Steinbachtal-Burkarder-GS_2025_26<\/a><\/p>\n<p><a href=\"https:\/\/steinbachtal-burkarder-gs.de\/wp-content\/uploads\/2025\/03\/5.-Anmeldung-Schulverpflegung_OGTS_Steinbachtal-Burkarder-GS_2025_26.pdf\">5. Anmeldung Schulverpflegung_OGTS_Steinbachtal-Burkarder-GS_2025_26<\/a><\/p>\n<h1><span style=\"font-size: 14px;\"><span style=\"font-family: arial, helvetica, sans-serif;\">Hier<\/span> finden Sie Informationen, wenn Sie einen Zuschuss zu den Elternbeitr\u00e4gen und dem Mittagessen f\u00fcr die offene Ganztagesschule beantragen m\u00f6chten:<\/span><\/h1>\n<h3><a href=\"https:\/\/steinbachtal-burkarder-gs.de\/wp-content\/uploads\/2024\/04\/Zuschussmoeglichkeiten-Elternbeitraege-und-Mittagessen-OGTS.pdf\"><span style=\"font-size: 14px;\">Zuschussm\u00f6glichkeiten Elternbeitr\u00e4ge und Mittagessen OGTS<\/span><\/a><\/h3>\n<p><span style=\"color: #000000;\"><strong>Formular dauerhafte Befreiung ab 15:30 Uhr<\/strong><\/span><\/p>\n<p><a href=\"https:\/\/steinbachtal-burkarder-gs.de\/wp-content\/uploads\/2025\/09\/Formular-dauerhafte-OGTS-Befreiung-1.pdf\">Formular-dauerhafte OGTS-Befreiung<\/a><\/p>\n","protected":false},"excerpt":{"rendered":"<p>Liebe Eltern, wir freuen uns sehr, dass Sie sich f\u00fcr das Angebot der Offenen Ganztagsschule (OGTS) an unserer Schule interessieren und m\u00f6chten Ihnen in aller K\u00fcrze unsere \u00a0OGTS Steinbachtal-Burkarder-Grundschule vorstellen. Hier findet die Betreuung statt: Im Schulgeb\u00e4ude Steinbachtal stehen uns f\u00fcnf Gruppenr\u00e4ume, im Schulgeb\u00e4ude Burkard zwei Gruppenr\u00e4ume zur Verf\u00fcgung, die wir als Spiel- und Besch\u00e4ftigungsr\u00e4ume &hellip; <\/p>\n<p><a class=\"more-link btn\" href=\"https:\/\/steinbachtal-burkarder-gs.de\/?page_id=3048\">Weiterlesen<\/a><\/p>\n","protected":false},"author":4,"featured_media":0,"parent":134,"menu_order":0,"comment_status":"closed","ping_status":"closed","template":"","meta":{"footnotes":""},"_links":{"self":[{"href":"https:\/\/steinbachtal-burkarder-gs.de\/index.php?rest_route=\/wp\/v2\/pages\/3048"}],"collection":[{"href":"https:\/\/steinbachtal-burkarder-gs.de\/index.php?rest_route=\/wp\/v2\/pages"}],"about":[{"href":"https:\/\/steinbachtal-burkarder-gs.de\/index.php?rest_route=\/wp\/v2\/types\/page"}],"author":[{"embeddable":true,"href":"https:\/\/steinbachtal-burkarder-gs.de\/index.php?rest_route=\/wp\/v2\/users\/4"}],"replies":[{"embeddable":true,"href":"https:\/\/steinbachtal-burkarder-gs.de\/index.php?rest_route=%2Fwp%2Fv2%2Fcomments&post=3048"}],"version-history":[{"count":24,"href":"https:\/\/steinbachtal-burkarder-gs.de\/index.php?rest_route=\/wp\/v2\/pages\/3048\/revisions"}],"predecessor-version":[{"id":3648,"href":"https:\/\/steinbachtal-burkarder-gs.de\/index.php?rest_route=\/wp\/v2\/pages\/3048\/revisions\/3648"}],"up":[{"embeddable":true,"href":"https:\/\/steinbachtal-burkarder-gs.de\/index.php?rest_route=\/wp\/v2\/pages\/134"}],"wp:attachment":[{"href":"https:\/\/steinbachtal-burkarder-gs.de\/index.php?rest_route=%2Fwp%2Fv2%2Fmedia&parent=3048"}],"curies":[{"name":"wp","href":"https:\/\/api.w.org\/{rel}","templated":true}]}}