{"id":2250,"date":"2019-11-27T15:39:38","date_gmt":"2019-11-27T14:39:38","guid":{"rendered":"http:\/\/steinbachtal-burkarder-gs.de\/?page_id=2250"},"modified":"2026-04-24T11:28:17","modified_gmt":"2026-04-24T09:28:17","slug":"beratung","status":"publish","type":"page","link":"https:\/\/steinbachtal-burkarder-gs.de\/?page_id=2250","title":{"rendered":"Beratung"},"content":{"rendered":"<h1><span style=\"color: #ff0000;\">Beratung an der Friedensreich Hundertwasser-Schule W\u00fcrzburg &amp; Beratung durch den Mobilen Sonderp\u00e4dagogischen Dienst<\/span><\/h1>\n<h1><a href=\"https:\/\/steinbachtal-burkarder-gs.de\/wp-content\/uploads\/2023\/11\/MSD-Flyer-Homepage.pdf\"><span style=\"color: #3366ff;\">MSD-Flyer-Homepage<\/span><\/a><\/h1>\n<h1><\/h1>\n<h1><span style=\"color: #ff0000;\">Unterst\u00fctzung und Hilfe bei psychischen Erkrankungen,\u00a0insbesondere bei Depressionen und Angstst\u00f6rungen<\/span><\/h1>\n<h2><span style=\"color: #ff0000;\"><strong>Ministeriums f\u00fcr Unterricht und Kultus:<\/strong><\/span><\/h2>\n<h1><span style=\"color: #000000;\">Ein 10-Punkte-Programm zur Aufkl\u00e4rung \u00fcber Depressionen und Angstst\u00f6rungen finden Sie hier:<\/span><\/h1>\n<h2><a href=\"https:\/\/www.km.bayern.de\/ministerium\/meldung\/6530\/schulen-in-bayern-leisten-wichtigen-beitrag-zur-aufklaerung-ueber-depressionen.html\"><span style=\"color: #3366ff;\">https:\/\/www.km.bayern.de\/ministerium\/meldung\/6530\/schulen-in-bayern-leisten-wichtigen-beitrag-zur-aufklaerung-ueber-depressionen.html<\/span><\/a><\/h2>\n<h1><\/h1>\n<h1><span style=\"color: #ff0000;\">Innerschulische Hilfsangebote<\/span><\/h1>\n<h2><strong>Beratungslehrkraft<\/strong><\/h2>\n<h2>Frau Sch\u00e4fer<\/h2>\n<h2>E-mail: <a href=\"mailto:Berndtberatung@gmx.de\">Julia.Schaefer@schule.bayer<\/a>n.de<\/h2>\n<h2>Sprechstunden: Mittwoch oder Donnerstag 11:15 &#8211; 13:00 Uhr<\/h2>\n<p><strong>\u00a0<\/strong><\/p>\n<h2><strong>Schulpsychologische Beratung<\/strong><\/h2>\n<h2>Frau Bina, Schulpsychologin<\/h2>\n<h2>Email: v.bina@lra-wue.de<\/h2>\n<h2>Telefon: 0162 &#8211; 27 83 967<\/h2>\n<h2>Telefonsprechstunden:<\/h2>\n<h2>Mittwoch: 13:00-14:30 Uhr<\/h2>\n<h2><\/h2>\n<h2><span style=\"color: #ff0000;\">Begabungsberatungsstelle<\/span><\/h2>\n<h2><a href=\"https:\/\/steinbachtal-burkarder-gs.de\/wp-content\/uploads\/2024\/04\/Flyer-Begabungsberatung_2024.pdf\"><span style=\"color: #3366ff;\">Flyer Begabungsberatung_2024<\/span><\/a><\/h2>\n<h2><span style=\"color: #3366ff;\"><strong>\u00a0<\/strong><\/span><\/h2>\n<h2><a href=\"https:\/\/steinbachtal-burkarder-gs.de\/wp-content\/uploads\/2024\/02\/Beratungsstellen-Stadt-W\u00fcrzburg.pdf\"><span style=\"color: #ff0000;\">Beratungsstellen-Stadt W\u00fcrzburg<\/span><\/a><\/h2>\n<h2><a href=\"https:\/\/steinbachtal-burkarder-gs.de\/wp-content\/uploads\/2026\/04\/Wue_Hilfsangebote_SL_Stand-2026_04_24.pdf\"><span style=\"color: #3366ff;\">W\u00fc_Hilfsangebote_SL_Stand 2026_04_24<\/span><\/a><\/h2>\n","protected":false},"excerpt":{"rendered":"<p>Beratung an der Friedensreich Hundertwasser-Schule W\u00fcrzburg &amp; Beratung durch den Mobilen Sonderp\u00e4dagogischen Dienst MSD-Flyer-Homepage Unterst\u00fctzung und Hilfe bei psychischen Erkrankungen,\u00a0insbesondere bei Depressionen und Angstst\u00f6rungen Ministeriums f\u00fcr Unterricht und Kultus: Ein 10-Punkte-Programm zur Aufkl\u00e4rung \u00fcber Depressionen und Angstst\u00f6rungen finden Sie hier: https:\/\/www.km.bayern.de\/ministerium\/meldung\/6530\/schulen-in-bayern-leisten-wichtigen-beitrag-zur-aufklaerung-ueber-depressionen.html Innerschulische Hilfsangebote Beratungslehrkraft Frau Sch\u00e4fer E-mail: Julia.Schaefer@schule.bayern.de Sprechstunden: Mittwoch oder Donnerstag 11:15 &#8211; 13:00 &hellip; <\/p>\n<p><a class=\"more-link btn\" href=\"https:\/\/steinbachtal-burkarder-gs.de\/?page_id=2250\">Weiterlesen<\/a><\/p>\n","protected":false},"author":4,"featured_media":0,"parent":1594,"menu_order":0,"comment_status":"closed","ping_status":"closed","template":"","meta":{"footnotes":""},"_links":{"self":[{"href":"https:\/\/steinbachtal-burkarder-gs.de\/index.php?rest_route=\/wp\/v2\/pages\/2250"}],"collection":[{"href":"https:\/\/steinbachtal-burkarder-gs.de\/index.php?rest_route=\/wp\/v2\/pages"}],"about":[{"href":"https:\/\/steinbachtal-burkarder-gs.de\/index.php?rest_route=\/wp\/v2\/types\/page"}],"author":[{"embeddable":true,"href":"https:\/\/steinbachtal-burkarder-gs.de\/index.php?rest_route=\/wp\/v2\/users\/4"}],"replies":[{"embeddable":true,"href":"https:\/\/steinbachtal-burkarder-gs.de\/index.php?rest_route=%2Fwp%2Fv2%2Fcomments&post=2250"}],"version-history":[{"count":14,"href":"https:\/\/steinbachtal-burkarder-gs.de\/index.php?rest_route=\/wp\/v2\/pages\/2250\/revisions"}],"predecessor-version":[{"id":3653,"href":"https:\/\/steinbachtal-burkarder-gs.de\/index.php?rest_route=\/wp\/v2\/pages\/2250\/revisions\/3653"}],"up":[{"embeddable":true,"href":"https:\/\/steinbachtal-burkarder-gs.de\/index.php?rest_route=\/wp\/v2\/pages\/1594"}],"wp:attachment":[{"href":"https:\/\/steinbachtal-burkarder-gs.de\/index.php?rest_route=%2Fwp%2Fv2%2Fmedia&parent=2250"}],"curies":[{"name":"wp","href":"https:\/\/api.w.org\/{rel}","templated":true}]}}