{"id":208,"date":"2015-12-04T06:09:21","date_gmt":"2015-12-04T06:09:21","guid":{"rendered":"http:\/\/test.steinbachtal-burkarder-gs.de\/?page_id=208"},"modified":"2026-02-12T16:01:41","modified_gmt":"2026-02-12T15:01:41","slug":"herzlich-willkommen","status":"publish","type":"page","link":"https:\/\/steinbachtal-burkarder-gs.de\/","title":{"rendered":"Steinbachtal-Burkarder-Grundschule"},"content":{"rendered":"<h3><\/h3>\n<h3><img decoding=\"async\" src=\"https:\/\/steinbachtal-burkarder-gs.de\/wp-content\/uploads\/2025\/03\/Herzlich-willkommen_wordart.jpeg\" \/><\/h3>\n<h3 style=\"text-align: center;\"><span style=\"color: #0000ff;\">\u00a0<\/span><\/h3>\n<h1 style=\"text-align: center;\"><span style=\"color: #ffffff;\">erzlich Willkommen<\/span><\/h1>\n<h3>Die Schulleitung, das Kollegium und das Team der Offenen Ganztagsschule begr\u00fc\u00dfen Sie herzlich auf unserer Homepage.<\/h3>\n<h3>Schauen Sie sich um und informieren Sie sich \u00fcber unsere Schule.<\/h3>\n<h3>F\u00fcr weitere Fragen stehen wir Ihnen gerne zur Verf\u00fcgung.<br \/>\nWir freuen uns \u00fcber Ihr Interesse.<\/h3>\n<h3><\/h3>\n<h3><\/h3>\n<h3>Das Team der Steinbachtal-Burkarder-Grundschule<\/h3>\n","protected":false},"excerpt":{"rendered":"<p>\u00a0 erzlich Willkommen Die Schulleitung, das Kollegium und das Team der Offenen Ganztagsschule begr\u00fc\u00dfen Sie herzlich auf unserer Homepage. Schauen Sie sich um und informieren Sie sich \u00fcber unsere Schule. F\u00fcr weitere Fragen stehen wir Ihnen gerne zur Verf\u00fcgung. Wir freuen uns \u00fcber Ihr Interesse. Das Team der Steinbachtal-Burkarder-Grundschule<\/p>\n","protected":false},"author":2,"featured_media":0,"parent":0,"menu_order":0,"comment_status":"closed","ping_status":"closed","template":"","meta":{"footnotes":""},"_links":{"self":[{"href":"https:\/\/steinbachtal-burkarder-gs.de\/index.php?rest_route=\/wp\/v2\/pages\/208"}],"collection":[{"href":"https:\/\/steinbachtal-burkarder-gs.de\/index.php?rest_route=\/wp\/v2\/pages"}],"about":[{"href":"https:\/\/steinbachtal-burkarder-gs.de\/index.php?rest_route=\/wp\/v2\/types\/page"}],"author":[{"embeddable":true,"href":"https:\/\/steinbachtal-burkarder-gs.de\/index.php?rest_route=\/wp\/v2\/users\/2"}],"replies":[{"embeddable":true,"href":"https:\/\/steinbachtal-burkarder-gs.de\/index.php?rest_route=%2Fwp%2Fv2%2Fcomments&post=208"}],"version-history":[{"count":240,"href":"https:\/\/steinbachtal-burkarder-gs.de\/index.php?rest_route=\/wp\/v2\/pages\/208\/revisions"}],"predecessor-version":[{"id":3623,"href":"https:\/\/steinbachtal-burkarder-gs.de\/index.php?rest_route=\/wp\/v2\/pages\/208\/revisions\/3623"}],"wp:attachment":[{"href":"https:\/\/steinbachtal-burkarder-gs.de\/index.php?rest_route=%2Fwp%2Fv2%2Fmedia&parent=208"}],"curies":[{"name":"wp","href":"https:\/\/api.w.org\/{rel}","templated":true}]}}