{"id":1628,"date":"2017-12-13T11:01:49","date_gmt":"2017-12-13T10:01:49","guid":{"rendered":"http:\/\/steinbachtal-burkarder-gs.de\/?page_id=1628"},"modified":"2025-10-28T18:04:14","modified_gmt":"2025-10-28T17:04:14","slug":"elternbeirat","status":"publish","type":"page","link":"https:\/\/steinbachtal-burkarder-gs.de\/?page_id=1628","title":{"rendered":"Elternbeirat"},"content":{"rendered":"\n<h4 class=\"wp-block-heading\">Der gew\u00e4hlte Elternbeirat f\u00fcr die Schuljahre 2025\/2026 und 2026\/2027 setzt sich aus folgenden Mitgliedern zusammen:<\/h4>\n\n\n\n<h4 class=\"wp-block-heading\"><strong>Elternbeiratsvorsitzende<\/strong>r: B\u00fcrger, Alexander (2a)&nbsp; &nbsp;&nbsp;&nbsp;&nbsp;&nbsp;&nbsp;&nbsp;&nbsp;&nbsp;&nbsp;&nbsp;&nbsp;&nbsp;&nbsp;&nbsp;&nbsp;&nbsp;&nbsp;&nbsp;&nbsp;&nbsp;&nbsp;&nbsp;&nbsp;&nbsp;&nbsp;&nbsp;&nbsp;&nbsp;&nbsp;&nbsp;&nbsp; <\/h4>\n\n\n\n<h4 class=\"wp-block-heading\"><strong>Stellvertretende Elternbeiratsvorsitzende<\/strong>: Holleber, Julia (4b) &nbsp;&nbsp;&nbsp;&nbsp;&nbsp;&nbsp;&nbsp;&nbsp;&nbsp; <\/h4>\n\n\n\n<p>Weitere Mitglieder in alphabetischer Reihenfolge:<\/p>\n\n\n\n<p>Baumann, Christian (3a) \/ Schriftf\u00fchrer<\/p>\n\n\n\n<p>Geppert, Eva-Maria (3b)<\/p>\n\n\n\n<p>Hauptmann, Lisa (1a)<\/p>\n\n\n\n<p>Hupp, Magdalena (2c) \/ Schriftf\u00fchrerin<\/p>\n\n\n\n<p>Kozuch-Heesen, Agnieszka (4a)<\/p>\n\n\n\n<p>Meininger, Susanne (2c)<\/p>\n\n\n\n<p>Meininger-Pelchmann, Sabine (2c)<\/p>\n\n\n\n<p>Merz, Ulrike (3b)<\/p>\n\n\n\n<p>Neumann, Nicola (2b)<\/p>\n\n\n\n<p>R\u00f6del, Claudia (1c, 3c) \/ Kassenwartin<\/p>\n\n\n\n<p><strong><mark style=\"background-color:rgba(0, 0, 0, 0)\" class=\"has-inline-color has-vivid-red-color\">Die Aufgaben unseres Elternbeirates an unserer Schule sind vielf\u00e4ltig:<\/mark><\/strong><\/p>\n\n\n\n<ul>\n<li>Der Elternrat k\u00fcmmert sich um Fragen, welche die ganze Schule betreffen und arbeitet eng mit der Schulleitung und den Lehrkr\u00e4ften zusammen.&nbsp;Ebenfalls ist es uns wichtig auch einen engen Austausch mit den Klassenelternsprechern zu haben. <strong><\/strong><\/li>\n\n\n\n<li>Es findet ein regelm\u00e4\u00dfiger Austausch zwischen Schule und Elternbeir\u00e4ten bei den Elternbeiratssitzungen statt. Hier werden auch Anregungen und Vorschl\u00e4ge der Eltern an die Schulleitung herangetragen und beraten.<\/li>\n\n\n\n<li>Ziel unserer Arbeit ist es, das Vertrauensverh\u00e4ltnis zwischen Eltern und Lehrkr\u00e4ften, die gemeinsam f\u00fcr die Bildung und Erziehung der Kinder verantwortlich sind, zu vertiefen.<\/li>\n\n\n\n<li>Der Elternbeirat entscheidet auch bei schulischen Angelegenheiten mit.<\/li>\n\n\n\n<li>Wir sind Ansprechpartner f\u00fcr die Eltern und fungieren auch als Vermittler in Konfliktsituationen.<\/li>\n\n\n\n<li>Zus\u00e4tzlich organisiert der Elternbeirat diverse Veranstaltungen an unserer Schule (Sommerfest, Spendenlauf, Neujahrsempfang, Kuchenverkauf bei der Schuleinschreibung, Gesundes Fr\u00fchst\u00fcck, etc.)<\/li>\n\n\n\n<li>Mit den Einnahmen aus den Veranstaltungen werden Investitionen get\u00e4tigt, welche direkt unseren Schulkindern zu Gute kommen. Die Realisierung dieser Investitionen begleitet der Elternbeirat mit Rat und Tat.<\/li>\n<\/ul>\n\n\n\n<p><strong><mark style=\"background-color:rgba(0, 0, 0, 0)\" class=\"has-inline-color has-vivid-red-color\">Bei Fragen, Anregungen und W\u00fcnschen erreichen Sie den Elternbeirat per<\/mark><\/strong><\/p>\n\n\n\n<p><strong>E-Mail: <\/strong><a href=\"mailto:elternbeirat@steinbachtal-burkarder-gs.de\">elternbeirat@steinbachtal-burkarder-gs.de<\/a><br>(Diese Mail erreicht direkt die Vorsitzende des Elternbeirats)&nbsp;<\/p>\n\n\n\n<p><\/p>\n\n\n\n<p><strong><mark style=\"background-color:rgba(0, 0, 0, 0)\" class=\"has-inline-color has-vivid-red-color\">Zusch\u00fcsse<\/mark><\/strong><\/p>\n\n\n\n<p><strong><u>Informationen zum Antrag auf Gew\u00e4hrung eines Zuschusses aus der Kasse des Elternbeirats<\/u><\/strong><\/p>\n\n\n\n<p>Der Elternbeirat unserer Schule m\u00f6chte sicherstellen, dass alle Kinder die gleichen Chancen haben, unabh\u00e4ngig von der finanziellen Situation ihrer Familie. Daher gibt es die M\u00f6glichkeit, in besonderen F\u00e4llen einen Zuschuss aus der Kasse des Elternbeirats zu beantragen. Dieser Zuschuss kann beispielsweise f\u00fcr Schulmaterialien, Ausfl\u00fcge, Klassenfahrten oder andere schulbezogene Kosten gew\u00e4hrt werden.<\/p>\n\n\n\n<p><strong><u>Wer kann einen Antrag stellen?<\/u><\/strong><\/p>\n\n\n\n<p>Eltern oder Erziehungsberechtigte, die sich in einer schwierigen finanziellen Lage befinden und Unterst\u00fctzung ben\u00f6tigen, sind herzlich eingeladen, einen Antrag zu stellen. Wir m\u00f6chten betonen, dass alle Anfragen vertraulich behandelt werden. Unser Ziel ist es, Familien in besonderen Situationen unb\u00fcrokratisch und diskret zu helfen.<\/p>\n\n\n\n<p><strong><u>Wie funktioniert der Antrag?<\/u><\/strong><\/p>\n\n\n\n<p>Um einen Zuschuss zu beantragen, f\u00fcllen Sie bitte das entsprechende Formular aus (dieses k\u00f6nnen Sie \u00fcber unten stehenden Link, \u00fcber die Schule oder den Elternbeirat erhalten). Geben Sie darin an, wof\u00fcr der Zuschuss ben\u00f6tigt wird und legen Sie eine kurze Begr\u00fcndung bei. Bitte beachten Sie, dass der Antrag mindestens vier Wochen vor der betreffenden Ma\u00dfnahme eingereicht werden sollte.<\/p>\n\n\n\n<p><a href=\"https:\/\/steinbachtal-burkarder-gs.de\/wp-content\/uploads\/2025\/04\/Antrag-auf-Gewaehrung-eines-Zuschusses-aus-der-Kasse-des-Elternbeirates-der-Steinbachtal.pdf\">https:\/\/steinbachtal-burkarder-gs.de\/wp-content\/uploads\/2025\/04\/Antrag-auf-Gewaehrung-eines-Zuschusses-aus-der-Kasse-des-Elternbeirates-der-Steinbachtal.pdf<\/a><\/p>\n\n\n\n<p><strong><u>Wichtige Hinweise<\/u><\/strong><\/p>\n\n\n\n<p>Der Elternbeirat pr\u00fcft jeden Antrag sorgf\u00e4ltig und beh\u00e4lt sich das Recht vor, Antr\u00e4ge ohne Angabe von Gr\u00fcnden abzulehnen. Wir bitten um Verst\u00e4ndnis, dass die Mittel begrenzt sind und nicht jeder Antrag bewilligt werden kann. Der Elternbeirat beh\u00e4lt sich vor, Antr\u00e4ge ohne Angabe von Gr\u00fcnden abzulehnen.<\/p>\n\n\n\n<p>Dennoch m\u00f6chten wir betonen: Z\u00f6gern Sie nicht! Wenn Sie Unterst\u00fctzung ben\u00f6tigen, wenden Sie sich vertrauensvoll an uns \u2013 wir sind da, um zu helfen.<\/p>\n\n\n\n<p>Der Elternbeirat erhebt im Sinne der DSGVO die hier abgefragten Daten ausschlie\u00dflich zur Bearbeitung dieses Antrags und gibt diese nicht an Dritte weiter. Mit Antragstellung erkl\u00e4ren Sie sich mit dieser zweckgebundenen Verwendung Ihrer Daten einverstanden.<\/p>\n\n\n\n<p><strong><u>Kontakt<\/u><\/strong><\/p>\n\n\n\n<p>Falls Sie Fragen zum Antrag haben oder Unterst\u00fctzung beim Ausf\u00fcllen ben\u00f6tigen, k\u00f6nnen Sie uns jederzeit unter folgender E-Mail-Adresse erreichen: <a href=\"mailto:elternbeirat@steinbachtal-burkarder-gs.de\">elternbeirat@steinbachtal-burkarder-gs.de<\/a>. Wir stehen Ihnen gerne zur Verf\u00fcgung.<\/p>\n\n\n\n<p>Ihr Elternbeirat &nbsp;<\/p>\n\n\n\n<p>Gemeinsam f\u00fcr unsere Kinder!<\/p>\n","protected":false},"excerpt":{"rendered":"<p>Der gew\u00e4hlte Elternbeirat f\u00fcr die Schuljahre 2025\/2026 und 2026\/2027 setzt sich aus folgenden Mitgliedern zusammen: Elternbeiratsvorsitzender: B\u00fcrger, Alexander (2a)&nbsp; &nbsp;&nbsp;&nbsp;&nbsp;&nbsp;&nbsp;&nbsp;&nbsp;&nbsp;&nbsp;&nbsp;&nbsp;&nbsp;&nbsp;&nbsp;&nbsp;&nbsp;&nbsp;&nbsp;&nbsp;&nbsp;&nbsp;&nbsp;&nbsp;&nbsp;&nbsp;&nbsp;&nbsp;&nbsp;&nbsp;&nbsp;&nbsp; Stellvertretende Elternbeiratsvorsitzende: Holleber, Julia (4b) &nbsp;&nbsp;&nbsp;&nbsp;&nbsp;&nbsp;&nbsp;&nbsp;&nbsp; Weitere Mitglieder in alphabetischer Reihenfolge: Baumann, Christian (3a) \/ Schriftf\u00fchrer Geppert, Eva-Maria (3b) Hauptmann, Lisa (1a) Hupp, Magdalena (2c) \/ Schriftf\u00fchrerin Kozuch-Heesen, Agnieszka (4a) Meininger, Susanne (2c) Meininger-Pelchmann, Sabine &hellip; <\/p>\n<p><a class=\"more-link btn\" href=\"https:\/\/steinbachtal-burkarder-gs.de\/?page_id=1628\">Weiterlesen<\/a><\/p>\n","protected":false},"author":2,"featured_media":0,"parent":134,"menu_order":0,"comment_status":"closed","ping_status":"closed","template":"","meta":{"footnotes":""},"_links":{"self":[{"href":"https:\/\/steinbachtal-burkarder-gs.de\/index.php?rest_route=\/wp\/v2\/pages\/1628"}],"collection":[{"href":"https:\/\/steinbachtal-burkarder-gs.de\/index.php?rest_route=\/wp\/v2\/pages"}],"about":[{"href":"https:\/\/steinbachtal-burkarder-gs.de\/index.php?rest_route=\/wp\/v2\/types\/page"}],"author":[{"embeddable":true,"href":"https:\/\/steinbachtal-burkarder-gs.de\/index.php?rest_route=\/wp\/v2\/users\/2"}],"replies":[{"embeddable":true,"href":"https:\/\/steinbachtal-burkarder-gs.de\/index.php?rest_route=%2Fwp%2Fv2%2Fcomments&post=1628"}],"version-history":[{"count":30,"href":"https:\/\/steinbachtal-burkarder-gs.de\/index.php?rest_route=\/wp\/v2\/pages\/1628\/revisions"}],"predecessor-version":[{"id":3559,"href":"https:\/\/steinbachtal-burkarder-gs.de\/index.php?rest_route=\/wp\/v2\/pages\/1628\/revisions\/3559"}],"up":[{"embeddable":true,"href":"https:\/\/steinbachtal-burkarder-gs.de\/index.php?rest_route=\/wp\/v2\/pages\/134"}],"wp:attachment":[{"href":"https:\/\/steinbachtal-burkarder-gs.de\/index.php?rest_route=%2Fwp%2Fv2%2Fmedia&parent=1628"}],"curies":[{"name":"wp","href":"https:\/\/api.w.org\/{rel}","templated":true}]}}