{"id":1601,"date":"2017-12-13T09:27:25","date_gmt":"2017-12-13T08:27:25","guid":{"rendered":"http:\/\/steinbachtal-burkarder-gs.de\/?page_id=1601"},"modified":"2025-09-27T16:10:48","modified_gmt":"2025-09-27T14:10:48","slug":"uebertritt","status":"publish","type":"page","link":"https:\/\/steinbachtal-burkarder-gs.de\/?page_id=1601","title":{"rendered":"\u00dcbertritt"},"content":{"rendered":"<h4><span style=\"color: #000000;\">In der <strong>Jahrgangsstufe 4<\/strong> erhalten die Sch\u00fclerinnen und Sch\u00fcler am letzten Unterrichtstag der zweiten vollen Unterrichtswoche des Monats Januar statt eines Zwischenzeugnisses eine Zwischeninformation \u00fcber die Leistungen in allen F\u00e4chern. F\u00fcr das Schuljahr 2025\/26 ist dies der 23. Januar 2026. <\/span><\/h4>\n<h4><span style=\"color: #000000;\">Anfang Mai erhalten dann alle Sch\u00fclerinnen und Sch\u00fcler der Jahrgangsstufe 4 ein <strong>\u00dcbertrittszeugnis<\/strong>. Im Schuljahr 2025\/2026 ist dies am 04. Mai 202 der Fall.<\/span><\/h4>\n<h4><span style=\"color: #ff0000;\">Hier finden Sie die Informationen zu den \u00dcbertrittsbedingungen an die weiterf\u00fchrenden Schulen:<\/span><\/h4>\n<h4><span style=\"color: #ff0000;\"><a style=\"color: #ff0000;\" href=\"https:\/\/www.km.bayern.de\/eltern\/schularten\/uebertritt-schulartwechsel.html\">https:\/\/www.km.bayern.de\/eltern\/schularten\/uebertritt-schulartwechsel.html<\/a><\/span><\/h4>\n<h4><\/h4>\n<h4><span style=\"color: #0000ff;\">\u00a0<\/span><\/h4>\n","protected":false},"excerpt":{"rendered":"<p>In der Jahrgangsstufe 4 erhalten die Sch\u00fclerinnen und Sch\u00fcler am letzten Unterrichtstag der zweiten vollen Unterrichtswoche des Monats Januar statt eines Zwischenzeugnisses eine Zwischeninformation \u00fcber die Leistungen in allen F\u00e4chern. F\u00fcr das Schuljahr 2025\/26 ist dies der 23. Januar 2026. Anfang Mai erhalten dann alle Sch\u00fclerinnen und Sch\u00fcler der Jahrgangsstufe 4 ein \u00dcbertrittszeugnis. Im Schuljahr &hellip; <\/p>\n<p><a class=\"more-link btn\" href=\"https:\/\/steinbachtal-burkarder-gs.de\/?page_id=1601\">Weiterlesen<\/a><\/p>\n","protected":false},"author":2,"featured_media":0,"parent":1594,"menu_order":0,"comment_status":"closed","ping_status":"closed","template":"","meta":{"footnotes":""},"_links":{"self":[{"href":"https:\/\/steinbachtal-burkarder-gs.de\/index.php?rest_route=\/wp\/v2\/pages\/1601"}],"collection":[{"href":"https:\/\/steinbachtal-burkarder-gs.de\/index.php?rest_route=\/wp\/v2\/pages"}],"about":[{"href":"https:\/\/steinbachtal-burkarder-gs.de\/index.php?rest_route=\/wp\/v2\/types\/page"}],"author":[{"embeddable":true,"href":"https:\/\/steinbachtal-burkarder-gs.de\/index.php?rest_route=\/wp\/v2\/users\/2"}],"replies":[{"embeddable":true,"href":"https:\/\/steinbachtal-burkarder-gs.de\/index.php?rest_route=%2Fwp%2Fv2%2Fcomments&post=1601"}],"version-history":[{"count":13,"href":"https:\/\/steinbachtal-burkarder-gs.de\/index.php?rest_route=\/wp\/v2\/pages\/1601\/revisions"}],"predecessor-version":[{"id":3501,"href":"https:\/\/steinbachtal-burkarder-gs.de\/index.php?rest_route=\/wp\/v2\/pages\/1601\/revisions\/3501"}],"up":[{"embeddable":true,"href":"https:\/\/steinbachtal-burkarder-gs.de\/index.php?rest_route=\/wp\/v2\/pages\/1594"}],"wp:attachment":[{"href":"https:\/\/steinbachtal-burkarder-gs.de\/index.php?rest_route=%2Fwp%2Fv2%2Fmedia&parent=1601"}],"curies":[{"name":"wp","href":"https:\/\/api.w.org\/{rel}","templated":true}]}}