{"id":142,"date":"2015-12-03T15:28:39","date_gmt":"2015-12-03T15:28:39","guid":{"rendered":"http:\/\/test.steinbachtal-burkarder-gs.de\/?page_id=142"},"modified":"2026-02-12T16:03:14","modified_gmt":"2026-02-12T15:03:14","slug":"schulleitung","status":"publish","type":"page","link":"https:\/\/steinbachtal-burkarder-gs.de\/?page_id=142","title":{"rendered":"Schulleitung"},"content":{"rendered":"<div class=\"tinymcewysiwyg\">\n<p>Wir begr\u00fc\u00dfen Sie herzlich auf unserer Homepage und hoffen, Sie finden die f\u00fcr Sie richtigen Informationen. Bei weiteren Fragen rufen Sie uns bitte an oder kontaktieren Sie uns per Email oder Schoolfox.<\/p>\n<\/div>\n<div class=\"tinymcewysiwyg\">\n<h3>J\u00fcrgen Neuberger<\/h3>\n<p>(Rektor)<\/p>\n<\/div>\n<div class=\"tinymcewysiwyg\">\n<h3>Anja Hecht<\/h3>\n<p>(Konrektorin)<\/p>\n<\/div>\n","protected":false},"excerpt":{"rendered":"<p>Wir begr\u00fc\u00dfen Sie herzlich auf unserer Homepage und hoffen, Sie finden die f\u00fcr Sie richtigen Informationen. Bei weiteren Fragen rufen Sie uns bitte an oder kontaktieren Sie uns per Email oder Schoolfox. J\u00fcrgen Neuberger (Rektor) Anja Hecht (Konrektorin)<\/p>\n","protected":false},"author":1,"featured_media":0,"parent":0,"menu_order":0,"comment_status":"closed","ping_status":"closed","template":"","meta":{"footnotes":""},"_links":{"self":[{"href":"https:\/\/steinbachtal-burkarder-gs.de\/index.php?rest_route=\/wp\/v2\/pages\/142"}],"collection":[{"href":"https:\/\/steinbachtal-burkarder-gs.de\/index.php?rest_route=\/wp\/v2\/pages"}],"about":[{"href":"https:\/\/steinbachtal-burkarder-gs.de\/index.php?rest_route=\/wp\/v2\/types\/page"}],"author":[{"embeddable":true,"href":"https:\/\/steinbachtal-burkarder-gs.de\/index.php?rest_route=\/wp\/v2\/users\/1"}],"replies":[{"embeddable":true,"href":"https:\/\/steinbachtal-burkarder-gs.de\/index.php?rest_route=%2Fwp%2Fv2%2Fcomments&post=142"}],"version-history":[{"count":11,"href":"https:\/\/steinbachtal-burkarder-gs.de\/index.php?rest_route=\/wp\/v2\/pages\/142\/revisions"}],"predecessor-version":[{"id":3624,"href":"https:\/\/steinbachtal-burkarder-gs.de\/index.php?rest_route=\/wp\/v2\/pages\/142\/revisions\/3624"}],"wp:attachment":[{"href":"https:\/\/steinbachtal-burkarder-gs.de\/index.php?rest_route=%2Fwp%2Fv2%2Fmedia&parent=142"}],"curies":[{"name":"wp","href":"https:\/\/api.w.org\/{rel}","templated":true}]}}